{"id":847,"date":"2015-05-27T16:28:17","date_gmt":"2015-05-27T16:28:17","guid":{"rendered":"http:\/\/rutadelosnaufragios.com\/?page_id=847"},"modified":"2015-05-28T15:28:36","modified_gmt":"2015-05-28T15:28:36","slug":"inicio","status":"publish","type":"page","link":"https:\/\/rutadelosnaufragios.com\/?page_id=847","title":{"rendered":"Ruta de los naufragios"},"content":{"rendered":"<style>\n@media only screen and (max-width: 989px) {\n.estilo-pequeno{\nmargin-top:170px!important;\n}\n}\n<\/style>\n<div class=\"row\">\n<div class=\"span12 \">\n<div id=\"showcase\" class=\"showcase header_slider\" style=\"width: 900px; margin-bottom: 25px; margin-top: -30px;\"\/>\n<div id=\"slidedeck_136_6a07f38166d79-wrapper\" class=\"sd2-ress-wrapper\" style=\"height:auto;\">\n<dl class=\"sd2-alternate-hidden-content\" style=\"height:0;overflow:hidden;visibility:hidden;\">\n<dt>Castillo Monteagudo<\/dt>\n<dd style=\"\" class=\"has-image has-excerpt has-title sd2-image-scaling-cover slide-type-image slide-source-posts\" data-thumbnail-src=\"https:\/\/rutadelosnaufragios.com\/wp-content\/uploads\/2014\/01\/c-monteagudo-Corto.jpg\">\n<div class=\"slide-content\">\n<h3 class=\"slide-title\">\n        <a href=\"https:\/\/rutadelosnaufragios.com\/?event=castillo-monteagudo-2\" target=\"_top\">            Castillo Monteagudo        <\/a>    <\/h3>\n<div class=\"slide-text\">Nombre:\u00a0 Castillo Monteagudo<br \/>\nTipo: Carbonero<br \/>\nNacionalidad: Espa\u00f1ola<br \/>\nFecha: 15\/09\/1951<br \/>\nLugar: Bajos de la Carballosa (Arou)<\/p>\n<p>El Castillo Monteagudo forrmaba parte de la compa\u00f1\u00eda viguesa Vicente&hellip; <a href=\"https:\/\/rutadelosnaufragios.com\/?event=castillo-monteagudo-2\" class=\"readmore accent-color\" target=\"_top\">&#8230;<\/a><\/div>\n<div class=\"slide-meta\">\n                <span class=\"author-name accent-color\"><br \/>\n                            rutadelosnaufragios                    <\/span><br \/>\n        <span class=\"slide-date\">11\/06\/2013<\/span>\n    <\/div>\n<p>    <span class=\"slidedeck-index-indicator\"><span class=\"current\">x<\/span>\/<span class=\"total\">x<\/span><\/span>\n<\/div>\n<div class=\"sd2-slide-background\" data-sd2-slide-image=\"https:\/\/rutadelosnaufragios.com\/wp-content\/uploads\/2014\/01\/c-monteagudo-Corto.jpg\">&nbsp;<\/div>\n<p><a href=\"https:\/\/rutadelosnaufragios.com\/?event=castillo-monteagudo-2\" class=\"full-slide-link-hit-area\" target=\"_top\"><\/a><\/dd>\n<dt>Boris Sheboldaef<\/dt>\n<dd style=\"\" class=\"has-image has-excerpt has-title sd2-image-scaling-cover slide-type-image slide-source-posts\" data-thumbnail-src=\"https:\/\/rutadelosnaufragios.com\/wp-content\/uploads\/2014\/01\/Boris-Sheboldaef_1934-cpia.jpg\">\n<div class=\"slide-content\">\n<h3 class=\"slide-title\">\n        <a href=\"https:\/\/rutadelosnaufragios.com\/?event=boris-sheboldaef\" target=\"_top\">            Boris Sheboldaef        <\/a>    <\/h3>\n<div class=\"slide-text\">Nombre:  Boris Sheboldaef<br \/>\nTipo: Petrolero<br \/>\nNacionalidad: Rusia<br \/>\nFecha: 20\/08\/1934<br \/>\nLugar: Pedra do Porto (Camelle)<\/p>\n<p>&nbsp;<br \/>\nEl petrolero ruso Boris Sheboldaef encall\u00f3 en la Pedra do&hellip; <a href=\"https:\/\/rutadelosnaufragios.com\/?event=boris-sheboldaef\" class=\"readmore accent-color\" target=\"_top\">&#8230;<\/a><\/div>\n<div class=\"slide-meta\">\n                <span class=\"author-name accent-color\"><br \/>\n                            rutadelosnaufragios                    <\/span><br \/>\n        <span class=\"slide-date\">11\/11\/2013<\/span>\n    <\/div>\n<p>    <span class=\"slidedeck-index-indicator\"><span class=\"current\">x<\/span>\/<span class=\"total\">x<\/span><\/span>\n<\/div>\n<div class=\"sd2-slide-background\" data-sd2-slide-image=\"https:\/\/rutadelosnaufragios.com\/wp-content\/uploads\/2014\/01\/Boris-Sheboldaef_1934-cpia.jpg\">&nbsp;<\/div>\n<p><a href=\"https:\/\/rutadelosnaufragios.com\/?event=boris-sheboldaef\" class=\"full-slide-link-hit-area\" target=\"_top\"><\/a><\/dd>\n<dt>Prima<\/dt>\n<dd style=\"\" class=\"has-image has-excerpt has-title sd2-image-scaling-cover slide-type-image slide-source-posts\" data-thumbnail-src=\"https:\/\/rutadelosnaufragios.com\/wp-content\/uploads\/2014\/01\/prima_reira2.jpg\">\n<div class=\"slide-content\">\n<h3 class=\"slide-title\">\n        <a href=\"https:\/\/rutadelosnaufragios.com\/?event=prima\" target=\"_top\">            Prima        <\/a>    <\/h3>\n<div class=\"slide-text\">Nombre:\u00a0Prima<br \/>\nTipo:\u00a0Gabarra de carga<br \/>\nNacionalidad:\u00a0Moldavia<br \/>\nFecha:\u00a013\/01\/2014<br \/>\nLugar:\u00a0Punta do Boi<br \/>\n\u00a0Art\u00edculo de ABC.es en Galicia\/La Coru\u00f1a<br \/>\n\u201cUna gabarra cargada con tierra embarranc\u00f3 en la play&hellip; <a href=\"https:\/\/rutadelosnaufragios.com\/?event=prima\" class=\"readmore accent-color\" target=\"_top\">&#8230;<\/a><\/div>\n<div class=\"slide-meta\">\n                <span class=\"author-name accent-color\"><br \/>\n                            rutadelosnaufragios                    <\/span><br \/>\n        <span class=\"slide-date\">01\/22\/2014<\/span>\n    <\/div>\n<p>    <span class=\"slidedeck-index-indicator\"><span class=\"current\">x<\/span>\/<span class=\"total\">x<\/span><\/span>\n<\/div>\n<div class=\"sd2-slide-background\" data-sd2-slide-image=\"https:\/\/rutadelosnaufragios.com\/wp-content\/uploads\/2014\/01\/prima_reira2.jpg\">&nbsp;<\/div>\n<p><a href=\"https:\/\/rutadelosnaufragios.com\/?event=prima\" class=\"full-slide-link-hit-area\" target=\"_top\"><\/a><\/dd>\n<dt>Perenchins<\/dt>\n<dd style=\"\" class=\"has-image has-excerpt has-title sd2-image-scaling-cover slide-type-image slide-source-posts\" data-thumbnail-src=\"https:\/\/rutadelosnaufragios.com\/wp-content\/uploads\/2013\/09\/Perenchins.jpg\">\n<div class=\"slide-content\">\n<h3 class=\"slide-title\">\n        <a href=\"https:\/\/rutadelosnaufragios.com\/?event=cherenchins\" target=\"_top\">            Perenchins        <\/a>    <\/h3>\n<div class=\"slide-text\">Nombre:\u00a0\u00a0Perenchins<br \/>\nTipo:\u00a0Velero<br \/>\nNacionalidad:\u00a0Francesa<br \/>\nFecha:\u00a01875<br \/>\nLugar:\u00a0Ensenada de Trece<\/p>\n<p>Alrededor de los a\u00f1os 1865 y 1875 naufrag\u00f3 a la entrada de la ensenada de Trece el velero de 500&hellip; <a href=\"https:\/\/rutadelosnaufragios.com\/?event=cherenchins\" class=\"readmore accent-color\" target=\"_top\">&#8230;<\/a><\/div>\n<div class=\"slide-meta\">\n                <span class=\"author-name accent-color\"><br \/>\n                            rutadelosnaufragios                    <\/span><br \/>\n        <span class=\"slide-date\">11\/06\/2013<\/span>\n    <\/div>\n<p>    <span class=\"slidedeck-index-indicator\"><span class=\"current\">x<\/span>\/<span class=\"total\">x<\/span><\/span>\n<\/div>\n<div class=\"sd2-slide-background\" data-sd2-slide-image=\"https:\/\/rutadelosnaufragios.com\/wp-content\/uploads\/2013\/09\/Perenchins.jpg\">&nbsp;<\/div>\n<p><a href=\"https:\/\/rutadelosnaufragios.com\/?event=cherenchins\" class=\"full-slide-link-hit-area\" target=\"_top\"><\/a><\/dd>\n<dt>Black Arrow<\/dt>\n<dd style=\"\" class=\"has-image has-excerpt has-title sd2-image-scaling-cover slide-type-image slide-source-posts\" data-thumbnail-src=\"https:\/\/rutadelosnaufragios.com\/wp-content\/uploads\/2014\/01\/black-arrowCorto.jpg\">\n<div class=\"slide-content\">\n<h3 class=\"slide-title\">\n        <a href=\"https:\/\/rutadelosnaufragios.com\/?event=black-arrow-2\" target=\"_top\">            Black Arrow        <\/a>    <\/h3>\n<div class=\"slide-text\">Nombre: Black Arrow<br \/>\nTipo:Mercante<br \/>\nNacionalidad: Estadounidense<br \/>\nFecha: 09\/08\/1929<br \/>\nLugar:As P\u00edas<br \/>\nEl Black Arrow fue parte del bot\u00edn de guerra que los aliados les arrebataron a los alemanes al f&hellip; <a href=\"https:\/\/rutadelosnaufragios.com\/?event=black-arrow-2\" class=\"readmore accent-color\" target=\"_top\">&#8230;<\/a><\/div>\n<div class=\"slide-meta\">\n                <span class=\"author-name accent-color\"><br \/>\n                            rutadelosnaufragios                    <\/span><br \/>\n        <span class=\"slide-date\">11\/06\/2013<\/span>\n    <\/div>\n<p>    <span class=\"slidedeck-index-indicator\"><span class=\"current\">x<\/span>\/<span class=\"total\">x<\/span><\/span>\n<\/div>\n<div class=\"sd2-slide-background\" data-sd2-slide-image=\"https:\/\/rutadelosnaufragios.com\/wp-content\/uploads\/2014\/01\/black-arrowCorto.jpg\">&nbsp;<\/div>\n<p><a href=\"https:\/\/rutadelosnaufragios.com\/?event=black-arrow-2\" class=\"full-slide-link-hit-area\" target=\"_top\"><\/a><\/dd>\n<\/dl>\n<\/div>\n<\/div>\n<\/div>\n<\/div>\n<div class=\"row\">\n<div class=\"span12 \">\n<div class=\"header_bottom\" style=\"margin-bottom:30px; position: absolute; left: 0; right: 0;\">\n<div id=\"resource\" class=\"container\" style=\"position: relative; left: 0; right: 0; display: table; margin: 0 auto;\">\n<div class=\"carousel-inner\" style=\"background: #f1f0ee none repeat scroll 0 0;\">\n<div class=\"item_col\">\n<h6>\n<a style=\"outline: medium none;\" hidefocus=\"true\" href=\"https:\/\/rutadelosnaufragios.com\/?resources=audio-relatos\"><br \/>\n<img decoding=\"async\" src=\"https:\/\/rutadelosnaufragios.com\/wp-content\/uploads\/2013\/10\/audio_final.png\"><br \/>\nAudios<\/a><br \/>\n<\/h6>\n<\/div>\n<div class=\"item_col text-center\">\n<h6>\n<a style=\"outline: medium none;\" hidefocus=\"true\" href=\"https:\/\/rutadelosnaufragios.com\/?page_id=2749\"><br \/>\n<img decoding=\"async\" src=\"https:\/\/rutadelosnaufragios.com\/wp-content\/uploads\/2015\/05\/video.png\"><br \/>\nV\u00eddeos<\/a><br \/>\n<\/h6>\n<\/div>\n<div class=\"item_col text-right\">\n<h6>\n<a style=\"outline: medium none;\" hidefocus=\"true\" href=\"https:\/\/rutadelosnaufragios.com\/?page_id=1579\"><br \/>\nARCHIVOS<img decoding=\"async\" src=\"https:\/\/rutadelosnaufragios.com\/wp-content\/uploads\/2013\/10\/pdf_final.png\"><br \/>\n<\/a><br \/>\n<\/h6>\n<\/div>\n<\/div>\n<\/div>\n<\/div>\n<\/div>\n<\/div>\n<div class=\"estilo-pequeno\" style=\"margin-top:60px;\">\n<div class=\"row\">\n<div class=\"category_item span4\">\n<div class=\"category_title\">\n<h2><a href=\"https:\/\/rutadelosnaufragios.com\/?p=1\">Realidad Aumentada<\/a><\/h2>\n<\/div>\n<div class=\"category_img\"><img loading=\"lazy\" decoding=\"async\" src=\"https:\/\/rutadelosnaufragios.com\/wp-content\/uploads\/2013\/09\/layar.jpg\" width=\"270\" height=\"150\" alt=\"\"><\/div>\n<div class=\"category_desc\"><strong>\u00bfQu\u00e9 es Layar?<\/strong><\/p>\n<p>Layar es una aplicaci\u00f3n m\u00f3vil de Realidad Aumentada que muestra informaci\u00f3n multimedia sobre el mundo real que te rodea.<\/p>\n<p><strong>\u00bfC\u00f3mo funciona?<\/strong><\/p>\n<p>Primero hay que descargar la aplicaci\u00f3n Layar en un tel\u00e9fono o tableta con el &#8230;<\/p><\/div>\n<p>\t\t\t<!--\n\n<div class=\"category_foot\">\n\t\t\t\t<a href=\"https:\/\/rutadelosnaufragios.com\/?p=1\">FIND OUT MORE<\/a>\n\t\t\t<\/div>\n\n-->\n\t\t\t<\/div>\n<div class=\"category_item span4\">\n<div class=\"category_title\">\n<h2><a href=\"https:\/\/rutadelosnaufragios.com\/?p=46\">Presentaci\u00f3n<\/a><\/h2>\n<\/div>\n<div class=\"category_img\"><img loading=\"lazy\" decoding=\"async\" src=\"https:\/\/rutadelosnaufragios.com\/wp-content\/uploads\/2013\/09\/escanear002511.jpg\" width=\"270\" height=\"150\" alt=\"\"><\/div>\n<div class=\"category_desc\">\n<p style=\"text-align: justify;\">Con la cofinanciaci\u00f3n de la Diputaci\u00f3n de A Coru\u00f1a el Concello de Camari\u00f1as confecciona esta ruta que emplea las nuevas tecnolog\u00edas y la realidad aumentada para se\u00f1alizar y dotar de contenidos algunos de &#8230;<\/div>\n<p>\t\t\t<!--\n\n<div class=\"category_foot\">\n\t\t\t\t<a href=\"https:\/\/rutadelosnaufragios.com\/?p=46\">FIND OUT MORE<\/a>\n\t\t\t<\/div>\n\n-->\n\t\t\t<\/div>\n<div class=\"category_item span4\">\n<div class=\"category_title\">\n<h2><a href=\"https:\/\/rutadelosnaufragios.com\/?p=335\">Naufragios<\/a><\/h2>\n<\/div>\n<div class=\"category_img\"><img loading=\"lazy\" decoding=\"async\" src=\"https:\/\/rutadelosnaufragios.com\/wp-content\/uploads\/2013\/09\/escanear0025.jpg\" width=\"270\" height=\"150\" alt=\"\"><\/div>\n<div class=\"category_desc\">\n<p>&nbsp;<\/p>\n<p>&nbsp;<\/p><\/div>\n<p>\t\t\t<!--\n\n<div class=\"category_foot\">\n\t\t\t\t<a href=\"https:\/\/rutadelosnaufragios.com\/?p=335\">FIND OUT MORE<\/a>\n\t\t\t<\/div>\n\n-->\n\t\t\t<\/div>\n<\/div>\n<\/div>\n<div class=\"row\">\n<div class=\"span12 \">\n<p><iframe loading=\"lazy\" width=\"100%\" height=\"400\" frameborder=\"0\" scrolling=\"no\" marginheight=\"0\" marginwidth=\"0\" src=\"https:\/\/maps.google.com\/maps\/ms?msa=0&#038;msid=217160675734212033247.0004eb0b532ade206fdb9&#038;msa=0&amp;output=embed\"><\/iframe><br \/><small><a href=\"https:\/\/maps.google.com\/maps\/ms?msa=0&#038;msid=217160675734212033247.0004eb0b532ade206fdb9&#038;msa=0&amp;source=embed\" target=\"_new\" style=\"color:#0000FF;text-align:left\">View larger map<\/a> <\/small><\/p>\n<\/div>\n<\/div>\n<div class=\"row\">\n<div class=\"span9 \">\n<h6 class=\"title_page\"><\/h6>\n<div class=\"post_list\">\n<div class=\"post_item\">\n<div class=\"post_title\">\n<h2><a href=\"https:\/\/rutadelosnaufragios.com\/?announcement=terras-de-buzos-e-naufraxios\">Terras de buzos e naufraxios<\/a><\/h2>\n<\/p><\/div>\n<div class=\"post_meta_top\">\n                            <span>Posted on<br \/>\n                                <span class=\"post_date\">2 septiembre<\/span> , 2021<\/span>\n                        <\/div>\n<div class=\"post_desc clearfix\">\n<p>Disculpa, pero esta entrada est\u00e1 disponible s\u00f3lo en galego.<\/p>\n<p>                        <a href=\"https:\/\/rutadelosnaufragios.com\/?announcement=terras-de-buzos-e-naufraxios\" class=\"read_link\"><span>Keep Reading<\/span><\/a>\n                        <\/p>\n<\/p><\/div>\n<\/p><\/div>\n<div class=\"post_item\">\n<div class=\"post_title\">\n<h2><a href=\"https:\/\/rutadelosnaufragios.com\/?announcement=galego-camarinas-cando-a-realidade-se-dilue-na-lenda\">(galego) Camari\u00f1as, cando a realidade se dil\u00fae na lenda<\/a><\/h2>\n<\/p><\/div>\n<div class=\"post_meta_top\">\n                            <span>Posted on<br \/>\n                                <span class=\"post_date\">25 agosto<\/span> , 2021<\/span>\n                        <\/div>\n<div class=\"post_desc clearfix\">\n<p>Disculpa, pero esta entrada est\u00e1 disponible s\u00f3lo en galego.<\/p>\n<p>                        <a href=\"https:\/\/rutadelosnaufragios.com\/?announcement=galego-camarinas-cando-a-realidade-se-dilue-na-lenda\" class=\"read_link\"><span>Keep Reading<\/span><\/a>\n                        <\/p>\n<\/p><\/div>\n<\/p><\/div>\n<div class=\"post_item\">\n<div class=\"post_title\">\n<h2><a href=\"https:\/\/rutadelosnaufragios.com\/?announcement=naufraxios-e-gatos-de-navio\">Naufraxios e gatos de nav\u00edo<\/a><\/h2>\n<\/p><\/div>\n<div class=\"post_meta_top\">\n                            <span>Posted on<br \/>\n                                <span class=\"post_date\">17 agosto<\/span> , 2021<\/span>\n                        <\/div>\n<div class=\"post_desc clearfix\">\n<p>Disculpa, pero esta entrada est\u00e1 disponible s\u00f3lo en galego.<\/p>\n<p>                        <a href=\"https:\/\/rutadelosnaufragios.com\/?announcement=naufraxios-e-gatos-de-navio\" class=\"read_link\"><span>Keep Reading<\/span><\/a>\n                        <\/p>\n<\/p><\/div>\n<\/p><\/div>\n<\/div>\n<div class=\"tf_pagination\"><a href=\"?post_type=announcement\">VIEW ALL NEWS<\/a><\/div>\n<\/div>\n<div class=\"span3 \">\n<a href=\"http:\/\/www.turismocamarinas.net\"><img loading=\"lazy\" decoding=\"async\" alt=\"uno\" src=\"https:\/\/rutadelosnaufragios.com\/wp-content\/uploads\/2013\/09\/uno.gif\" width=\"270\" height=\"113\" \/><\/a><br \/>\n<a title=\"SENDERISMO - CONCELLO DE CAMARI\u00d1AS\" href=\"http:\/\/www.turismocamarinas.net\/que-hacer\/senderismo\/\"><!--https:\/\/rutadelosnaufragios.com\/?page_id=1579&amp;lang=gl--><img loading=\"lazy\" decoding=\"async\" alt=\"senderismo\" src=\"https:\/\/rutadelosnaufragios.com\/wp-content\/uploads\/2013\/09\/senderismo.gif\" width=\"270\" height=\"113\" \/><\/a><br \/>\n<a href=\"http:\/\/www.camarinas.net\/mostra\/ga\/web\/notic.php?idc=1\"><img loading=\"lazy\" decoding=\"async\" alt=\"enlace_mostra_encaxe\" src=\"https:\/\/rutadelosnaufragios.com\/wp-content\/uploads\/2013\/09\/enlace_mostra_encaxe1.gif\" width=\"270\" height=\"113\" \/><\/a><br \/>\n<a href=\"http:\/\/www.camarinas.net\/web\/portada.php?id_language=1&amp;\"><img loading=\"lazy\" decoding=\"async\" alt=\"carousel_img1\" src=\"https:\/\/rutadelosnaufragios.com\/wp-content\/uploads\/2013\/09\/carousel_img1.gif\" width=\"270\" height=\"113\" \/><\/a><br \/>\n<a href=\"https:\/\/rutadelosnaufragios.com\/?page_id=804\"><img loading=\"lazy\" decoding=\"async\" alt=\"tempo_comollegar\" src=\"https:\/\/rutadelosnaufragios.com\/wp-content\/uploads\/2013\/09\/tempo_comollegar.gif\" width=\"270\" height=\"113\" \/><\/a><\/p>\n<\/div>\n<\/div>\n","protected":false},"excerpt":{"rendered":"","protected":false},"author":1,"featured_media":0,"parent":0,"menu_order":0,"comment_status":"closed","ping_status":"closed","template":"","meta":{"footnotes":""},"class_list":["post-847","page","type-page","status-publish","hentry"],"_links":{"self":[{"href":"https:\/\/rutadelosnaufragios.com\/index.php?rest_route=\/wp\/v2\/pages\/847","targetHints":{"allow":["GET"]}}],"collection":[{"href":"https:\/\/rutadelosnaufragios.com\/index.php?rest_route=\/wp\/v2\/pages"}],"about":[{"href":"https:\/\/rutadelosnaufragios.com\/index.php?rest_route=\/wp\/v2\/types\/page"}],"author":[{"embeddable":true,"href":"https:\/\/rutadelosnaufragios.com\/index.php?rest_route=\/wp\/v2\/users\/1"}],"replies":[{"embeddable":true,"href":"https:\/\/rutadelosnaufragios.com\/index.php?rest_route=%2Fwp%2Fv2%2Fcomments&post=847"}],"version-history":[{"count":3,"href":"https:\/\/rutadelosnaufragios.com\/index.php?rest_route=\/wp\/v2\/pages\/847\/revisions"}],"predecessor-version":[{"id":2844,"href":"https:\/\/rutadelosnaufragios.com\/index.php?rest_route=\/wp\/v2\/pages\/847\/revisions\/2844"}],"wp:attachment":[{"href":"https:\/\/rutadelosnaufragios.com\/index.php?rest_route=%2Fwp%2Fv2%2Fmedia&parent=847"}],"curies":[{"name":"wp","href":"https:\/\/api.w.org\/{rel}","templated":true}]}}