{"id":1579,"date":"2013-11-21T17:21:28","date_gmt":"2013-11-21T17:21:28","guid":{"rendered":"http:\/\/rutadelosnaufragios.com\/?page_id=1579"},"modified":"2014-03-11T19:34:37","modified_gmt":"2014-03-11T19:34:37","slug":"pdf","status":"publish","type":"page","link":"https:\/\/rutadelosnaufragios.com\/?page_id=1579","title":{"rendered":"Archivos"},"content":{"rendered":"<h1>FOLLETO RUTA GUIADA DE LOS NAUFRAGIOS (22\/2\/2014)<\/h1>\n<ul>\n<li><a style=\"font-size: 2em;\" href=\"https:\/\/rutadelosnaufragios.com\/wp-content\/uploads\/2014\/02\/Folleto-ruta-Naufragios-Guiada.pdf\"><strong><\/strong>Folleto ruta Naufragios Guiada<\/a><\/li>\n<\/ul>\n<h1><\/h1>\n<h1><\/h1>\n<p>&nbsp;<\/p>\n<p>&nbsp;<\/p>\n<h1>PUBLICACIONES TUR\u00cdSTICAS SOBRE CAMARI\u00d1AS<\/h1>\n<p>&#8211; Folleto tur\u00edstico Camari\u00f1as:<\/p>\n<p style=\"padding-left: 60px;\"><a href=\"http:\/\/www.camarinas.net\/turismo\/ca\/pdf\/cas_folleto_turistico_camarinas_rd.pdf\" target=\"_blank\">Folleto<\/a><\/p>\n<ul>\n<li>Ruta Costa de la Muerte:<\/li>\n<\/ul>\n<p style=\"padding-left: 60px;\"><a href=\"http:\/\/www.camarinas.net\/turismo\/ca\/pdf\/cas_Folleto_Costa_Morte.pdf\" target=\"_blank\">Folleto<\/a><br \/>\n<a href=\"http:\/\/www.camarinas.net\/turismo\/ca\/pdf\/cas_Topoguia_CostadaMorte.pdf\" target=\"_blank\">Topoguia<\/a><\/p>\n<ul>\n<li>Ruta Litoral<\/li>\n<\/ul>\n<p style=\"padding-left: 60px;\"><a href=\"http:\/\/www.camarinas.net\/turismo\/ca\/pdf\/cas_Folleto_Litoral.pdf\" target=\"_blank\">Folleto<\/a><br \/>\n<a href=\"http:\/\/www.camarinas.net\/turismo\/ca\/pdf\/cas_Topoguia_Litoral.pdf\" target=\"_blank\">Topoguia<\/a><\/p>\n<ul>\n<li>Ruta Insua<\/li>\n<\/ul>\n<p style=\"padding-left: 60px;\"><a href=\"http:\/\/www.camarinas.net\/turismo\/ca\/pdf\/cas_Folleto_Insua.pdf\" target=\"_blank\">Folleto<\/a><br \/>\n<a href=\"http:\/\/www.camarinas.net\/turismo\/ca\/pdf\/cas_Topoguia_Insua.pdf\" target=\"_blank\">Topoguia<\/a><\/p>\n<ul>\n<li>Ruta Los Molinos:<\/li>\n<\/ul>\n<p style=\"padding-left: 60px;\"><a href=\"http:\/\/www.camarinas.net\/turismo\/ca\/pdf\/cas_Folleto_Muinos.pdf\" target=\"_blank\">Folleto<\/a><br \/>\n<a href=\"http:\/\/www.camarinas.net\/turismo\/ca\/pdf\/cas_Topoguia_Muinos.pdf\" target=\"_blank\">Topoguia<\/a><\/p>\n<p style=\"padding-left: 60px;\">\n","protected":false},"excerpt":{"rendered":"<p>FOLLETO RUTA GUIADA DE LOS NAUFRAGIOS (22\/2\/2014) Folleto ruta Naufragios Guiada &nbsp; &nbsp; PUBLICACIONES TUR\u00cdSTICAS SOBRE CAMARI\u00d1AS &#8211; Folleto tur\u00edstico Camari\u00f1as: Folleto Ruta Costa de la Muerte: Folleto Topoguia Ruta Litoral Folleto Topoguia Ruta Insua Folleto Topoguia Ruta Los Molinos: Folleto Topoguia<\/p>\n","protected":false},"author":1,"featured_media":0,"parent":0,"menu_order":0,"comment_status":"open","ping_status":"closed","template":"","meta":{"footnotes":""},"class_list":["post-1579","page","type-page","status-publish","hentry"],"_links":{"self":[{"href":"https:\/\/rutadelosnaufragios.com\/index.php?rest_route=\/wp\/v2\/pages\/1579","targetHints":{"allow":["GET"]}}],"collection":[{"href":"https:\/\/rutadelosnaufragios.com\/index.php?rest_route=\/wp\/v2\/pages"}],"about":[{"href":"https:\/\/rutadelosnaufragios.com\/index.php?rest_route=\/wp\/v2\/types\/page"}],"author":[{"embeddable":true,"href":"https:\/\/rutadelosnaufragios.com\/index.php?rest_route=\/wp\/v2\/users\/1"}],"replies":[{"embeddable":true,"href":"https:\/\/rutadelosnaufragios.com\/index.php?rest_route=%2Fwp%2Fv2%2Fcomments&post=1579"}],"version-history":[{"count":3,"href":"https:\/\/rutadelosnaufragios.com\/index.php?rest_route=\/wp\/v2\/pages\/1579\/revisions"}],"predecessor-version":[{"id":2062,"href":"https:\/\/rutadelosnaufragios.com\/index.php?rest_route=\/wp\/v2\/pages\/1579\/revisions\/2062"}],"wp:attachment":[{"href":"https:\/\/rutadelosnaufragios.com\/index.php?rest_route=%2Fwp%2Fv2%2Fmedia&parent=1579"}],"curies":[{"name":"wp","href":"https:\/\/api.w.org\/{rel}","templated":true}]}}